{"id":4906,"date":"2020-04-06T13:46:08","date_gmt":"2020-04-06T13:46:08","guid":{"rendered":"http:\/\/www.eurekashop.it\/shop\/?page_id=4906"},"modified":"2021-03-18T00:12:14","modified_gmt":"2021-03-17T23:12:14","slug":"condizioni-di-vendita","status":"publish","type":"page","link":"https:\/\/www.eurekashop.it\/shop\/condizioni-di-vendita\/","title":{"rendered":"Condizioni di vendita"},"content":{"rendered":"<div class=\"intro-reg\">\n<h1>Condizioni di vendita generali<\/h1>\n<\/div>\n<div class=\"page_content \">\n<div class=\"row\">\n<ol>\n<li>Ambito di applicazione<\/li>\n<li>Accettazione delle condizioni di vendita generali<\/li>\n<li>Prezzo dei prodotti<\/li>\n<li>Foto e schede dei prodotti<\/li>\n<li>Disponibilit\u00e0 dei prodotti<\/li>\n<li>Invio degli ordini<\/li>\n<li>Cancellazione di un ordine<\/li>\n<li>Modalit\u00e0 di pagamento<\/li>\n<li>Spese di spedizione<\/li>\n<li>Tempi di spedizione<\/li>\n<li>Garanzia dei prodotti<\/li>\n<li>Assistenza tecnica<\/li>\n<li>Diritto di recesso<\/li>\n<li>Privacy<\/li>\n<li>Cookies<\/li>\n<li>Controversie<\/li>\n<\/ol>\n<\/div>\n<div class=\"row\">\n<div id=\"1\">\n<h5>1. AMBITO DI APPLICAZIONE<\/h5>\n<p>Le presenti condizioni si applicano a tutte le forniture di merci e\/o servizi effettuate a qualsiasi titolo da EUREKASHOP s.r.l. presso il sito eurekashop.it a privati o aziende di qualsiasi natura.<br \/>\nParticolari condizioni d&#8217;acquisto, deroghe e\/o modifiche delle stesse saranno considerate valide solo se specificamente concordate per iscritto tra EUREKASHOP s.r.l. ed il Cliente. Impegni scritti e\/o verbali di agenti, distributori e\/o collaboratori esterni di EUREKASHOP s.r.l. non vincoleranno quest&#8217; ultima se non preventivamente accettati per iscritto.<\/p>\n<\/div>\n<div id=\"2\">\n<h5>2. ACCETAZIONI DELLE CONDIZIONI DI VENDITA GENERALI<\/h5>\n<p>Effettuando un ordine nelle varie modalit\u00e0 previste (sul sito eurekashop.it, telefonico, email, di persona), il Cliente dichiara di aver preso visione di tutte le indicazioni fornite durante la procedura d&#8217;acquisto e di accettare integralmente le condizioni di vendita generali di seguito trascritte.<\/p>\n<\/div>\n<div id=\"3\">\n<h5>3. PREZZO DEI PRODOTTI<\/h5>\n<p>Tutti i prezzi indicati si intendono in EURO(\u20ac) e Iva inclusa salvo diversamente specificato.<br \/>\nIl prezzo di listino indicato nella scheda prodotto, barrato sopra al prezzo scontato, potrebbe non coincidere con il prezzo consigliato al pubblico dal produttore. Il prezzo netto di acquisto del prodotto viene proposto generalmente gi\u00e0 scontato rispetto al prezzo di listino.<br \/>\nAlcuni dei prodotti presentati possono essere ulteriormente scontati al momento della registrazione o dell&#8217;accesso tramite le proprie credenziali.<br \/>\nSe il prezzo del prodotto viene ridotto dopo l&#8217;acquisto, non possiamo rimborsare la differenza.<\/p>\n<p>EUREKASHOP s.r.l. si riserva il diritto di modificare i prezzi in ogni momento, senza alcun preavviso. Nel caso in cui venga pubblicato un prezzo errato e\/o chiaramente irrisorio, per qualsivoglia ragione ( errore umano, ecc.), l&#8217;ordine potr\u00e0 essere annullato a nostra discrezione, anche in caso di convalida iniziale.<\/p>\n<p>Cerchiamo di proporti sempre il prezzo migliore sul mercato ma non possiamo garantirti che sia sempre il pi\u00f9 basso.<\/p>\n<\/div>\n<div id=\"4\">\n<h5>4. FOTO E SCHEDE DEI PRODOTTI<\/h5>\n<p>EUREKASHOP s.r.l. si impegna al massimo per proporvi foto accurate e schede tecniche esatte dei prodotti offerti. Ad ogni modo ci teniamo a precisare che, in caso di piccole variazioni di caratteristiche dovute ad errori umani o a modifiche del produttore, il contratto potr\u00e0 essere annullato ma nessun altra colpa potr\u00e0 essere imputata a EUREKASHOP s.r.l.. In questo caso sar\u00e0 nostro impegno a sostituire il prodotto o provvedere al rimborso totalmente a Nostro carico con il ritiro da parte del nostro corriere presso l&#8217;indirizzo dove \u00e8 stato spedito. Nessun altro costo sar\u00e0 imputabile a EUREKASHOP s.r.l..<br \/>\nLe immagini utilizzate servono a rappresentare il prodotto ma non \u00e8 detto che rispecchino l&#8217;oggetto originale. Le immagini devono essere considerate indicative del prodotto di riferimento. Eventuali contestazioni non potranno quindi essere accettate.<\/p>\n<\/div>\n<div id=\"5\">\n<h5>5. DISPONIBILITA&#8217; DEI PRODOTTI<\/h5>\n<p>EUREKASHOP s.r.l. si impegna al massimo affinch\u00e8 la quantit\u00e0 dei prodotti indicata nel sito sia corretta ma pu\u00f2 capitare che ci siano degli errori nella giacenza di Magazzino o che pi\u00f9 ordini siano confermati nello stesso momento portando ad una mancata disponibilit\u00e0.<br \/>\nL&#8217;indicazione della quantit\u00e0 disponibile \u00e8 puramente indicativa e non vincolante. Per tale motivo ci riserviamo la possibilit\u00e0, una volta ricevuto l&#8217;ordine, di verificare la disponibilit\u00e0 del prodotto e, in mancanza, di comunicare tempestivamente la mancata accettazione dell&#8217;ordine inviato. Nessuna responsabilit\u00e0 potr\u00e0 essere imputata a EUREKASHOP s.r.l. per ritardi o altro.<\/p>\n<p>Per scelta tutti i prodotti inseriti sono ordinabili ma questo non indica che siano realmente disponibili in magazzino o disponibili dal fornitore.<br \/>\nI prodotti con dicitura &#8220;spadiamo in 5-10gg&#8221; indica a titolo di stima la tempistica di approvvigionamento medio e che il prodotto in questione \u00e8 gestito in altri magazzini e non \u00e8 detto sia ordinabile o immediatamente disponibile. L&#8217;indicazione sulla tempistica di spedizione \u00e8 puramente indicativa e non vincolante. Qualora non fosse pi\u00f9 ordinabile o reperibile vi sar\u00e0 tempestivamente comunicato mezzo email o telefono. L&#8217;oggetto potr\u00e0 essere quindi sostituito con un altro pagandone o stornandone la differenza di prezzo oppure eliminato dall&#8217;ordine. L&#8217;ordine verr\u00e0 spedito in unica soluzione, solamente quando tutti gli articoli appartenenti all&#8217;ordine stesso, saranno fisicamente presenti in sede. Nessuna responsabilit\u00e0 potr\u00e0 essere imputata a EUREKASHOP s.r.l. per ritardi o altro.<\/p>\n<\/div>\n<div id=\"6\">\n<h5>6. INVIO DEGLI ORDINI<\/h5>\n<p>Gli ordini possono essere trasmessi tramite la procedura di acquisto su questo sito, tramite Email o tramite telefono.<br \/>\nIn qualsiasi caso la corretta ricezione dell&#8217;ordine viene confermata mediante l&#8217;invio di una eMail all&#8217;indirizzo da te comunicato. Tale messaggio di conferma riproporr\u00e0 tutti i dati anagrafici da te inseriti o comunicati e l&#8217;elenco degli articoli acquistati. Eventuali inesattezze, variazioni all&#8217;indirizzo o note al corriere devono essere tempestivamente comunicate in questa fase.<\/p>\n<p>PER ORDINI TELEFONICI O PER EMAIL CONTROLLARE ATTENTAMENTE TUTTI I DATI E COMUNICARE TEMPESTIVAMENTE EVENTUALI ERRORI.<\/p>\n<p>Modifiche all&#8217;indirizzo di consegna o di fatturazione sono possibili solo prima della preparazione dell&#8217;ordine inviando un&#8217;eMail all&#8217;indirizzo:\u00a0<a href=\"mailto:ordini@tecno-eshop.it\">info@eurekashop.it<\/a>.<\/p>\n<p>Una volta che l&#8217;ordine \u00e8 stato consegnato al corriere non sar\u00e0 pi\u00f9 possibile modificare l&#8217;indirizzo di consegna.<br \/>\nIl pagamento dorv\u00e0 avvenire entro 5 giorni lavorativi dalla data di accettazione dell&#8217;ordine. Oltrepassata questa scadenza l&#8217;ordine verr\u00e0 automaticamente annullato.<\/p>\n<p>L&#8217;invio dell&#8217;ordine comporta automaticamente l&#8217;accettazione delle Condizioni di Vendita Generali qui descritte.<\/p>\n<\/div>\n<div id=\"7\">\n<h5>7. CANCELLAZIONE DI UN ORDINE<\/h5>\n<p>L&#8217;ordine pu\u00f2 essere cancellato fino al momento della messa in preparazione ottenendo il rimborso totale di quanto pagato inviando un&#8217;email all&#8217;indirizzo: \u00a0<a href=\"mailto:ordini@tecno-eshop.it\">info@eurekashop.it <\/a>oppure chiamandoci al 011.5505290.<br \/>\nNel caso in cui \u00e8 stato gi\u00e0 preparato oppure consegnato al corriere non sar\u00e0 possibile annullarlo. Potrai naturalmente restituirci i prodotti non voluti seguendo la procedura di recesso.<\/p>\n<\/div>\n<div id=\"8\">\n<h5>8. MODALITA&#8217; DI PAGAMENTO<\/h5>\n<p>In fase di acquisto hai la possibilit\u00e0 di scegliere tra diverse modalit\u00e0 di pagamento senza sovrapprezzo.<\/p>\n<p class=\"underline\">Paypal<\/p>\n<p>Se decidi di acquistare con Paypal alla conclusione dell&#8217;ordine verrai indirizzato in automatico alla pagina di login di Paypal.<br \/>\nIn questo caso l&#8217;addebito sul conto Paypal avviene contestualmente alla conclusione della transazione.<br \/>\nLa conferma del pagamento con Paypal pu\u00f2 non essere istantanea ma richiedere un certo lasso di tempo, anche di qualche ora. Il pagamento si intende accettato solo quando riceverai la relativa eMail da parte di Paypal relativa alla transazione appena effettuata. In alcuni casi Paypal pu\u00f2 richiedere una revisione del pagamento che pu\u00f2 durare fino a 24 ore. In questo caso EUREKASHOP s.r.l. non proceder\u00e0 con la spedizione finch\u00e8 Paypal non confermer\u00e0 definitivamente il pagamento. Il processo di revisione e la sua risoluzione ti verr\u00e8 comunicato via eMail da parte di Paypal.<br \/>\nIn caso di annullamento dell&#8217;ordine, sia da parte tua che da parte di EUREKASHOP s.r.l., l&#8217;importo sar\u00e0 rimborsato sul tuo conto Paypal. Nessun altro tipo di rimborso potr\u00e0 essere effettuato da EUREKASHOP s.r.l..<\/p>\n<p class=\"underline\">Carta di Credito<\/p>\n<p>Accettiamo le principali carte di credito operanti nei circuiti Visa o Mastercad, incluse carte Postepay o ricaricabili.<br \/>\nSiamo a conoscenza del fatto che non tutte le carte con impostato il &#8220;secure 3d&#8221; ovvero la protezione con un codice PIN possano andare a buon fine. Se si trattasse di questo caso, v&#8217;invitiamo a selezionare un metodo di pagamento alternativo in quanto al momento Paypal non \u00e8 sempre in grado di elaborare questi tipi di carte di credito.<br \/>\nDopo aver selezionato il metodo di pagamento con Carta di Credito, contestualmente alla chiusura dell&#8217;ordine, verrai reindirizzato al sito protetto della banca Paypal per effettuare la transazione. L&#8217;istituto bancario provvede ad autorizzare il solo impegno dell&#8217;importo relativo all&#8217;acquisto effettuato. Se decidi di annullare l&#8217;ordine la transazione con carta di credito verr\u00e8 annullata. I tempi di svincolo, per alcune tipologie di carte, dipendono esclusivamente dal sistema bancario e possono arrivare fino alla loro naturale scadenza (24\u00b0 giorno dalla data di autorizzazione). Richiesto l&#8217;annullamento della transazione, in nessun caso EUREKASHOP s.r.l. pu\u00f2 essere ritenuta responsabile per eventuali danni, diretti o indiretti, provocati dal ritardo nel mancato svincolo dell&#8217;importo impegnato da parte del sistema bancario.<\/p>\n<p><b>In nessun caso EUREKASHOP s.r.l. potr\u00e0 chiedere o essere messo a conoscenza dei Vostri dati della carta di credito.<\/b><\/p>\n<p class=\"underline\">Bonifico Bancario Anticipato<\/p>\n<p>Puoi pagare anche con un semplice bonifico bancario. In questo caso la spedizione di quanto ordinato avverr\u00e0 solo dopo l&#8217;accredito della somma dovuta sul c\/c di EUREKASHOP s.r.l. che dovr\u00e0 avvenire entro 5 giorni lavorativi dalla data di accettazione dell&#8217;ordine. Oltrepassata questa scadenza l&#8217;ordine verr\u00e0 automaticamente annullato.<br \/>\nLa causale del bonifico bancario dovr\u00e0 riportare necessariamente il numero e la data dell&#8217;ordine. Il bonifico dovr\u00e0 essere intestato a:<br \/>\nEUREKASHOP s.r.l. &#8211; Via Ceretta Inf. 191 &#8211; San Maurizio C.se (TO)<\/p>\n<p>Le coordinate bancarie sono le seguenti:<\/p>\n<p>Banca: UNICREDIT Filiare di LANZO (TO)<br \/>\nIBAN: <span id=\"ContentPlaceHolder1_GridView1_Labelcoo_0\">IT09Z0200830560000105006678<\/span><\/p>\n<\/div>\n<div id=\"9\">\n<h5>9. SPESE DI SPEDIZIONE<\/h5>\n<p>Le spese di spedizioni variano a seconda del luogo di destinazione della merce.<br \/>\nNelle spese di spedizione sono inclusi i costi di imballaggio.<\/p>\n<p><b>I prezzi sopra elencati sono esclusivamente per spedizioni in territorio Italiano ad esclusione delle zone disagiate.<\/b><\/p>\n<\/div>\n<div id=\"10\">\n<h5>10. TEMPI DI SPEDIZIONE<\/h5>\n<p>Nella scheda prodotto troverai indicato il tempo stimato di spedizione. Solitamente per i prodotti gi\u00e0 disponibili a magazzino i tempi di evasione si aggirano tra le 24 e le 48 ore.<br \/>\nEUREKASHOP s.r.l. si impegna al massimo per spedire in giornata gli ordini pervenuti entro le ore 12. Ricordiamo che il Sabato e la Domenica i corrieri non lavorano e quindi i tempi possono allungarsi ulteriormente per gli ordini effettuati il Venerd\u00ec.<\/p>\n<p>A spedizione avvenuta ti avviseremo via eMail della consegna del tuo pacco al corriere con l&#8217;indicazione del link per seguire la spedizione direttamente sul sito del corriere.<br \/>\nIn caso di mancata consegna per non presenza o da un errato indirizzo, verr\u00e0 concordata la consegna al giorno successivo. Qualora la merce non verr\u00e0 consegnata, stazioner\u00e0 qualche giorno in giacenza e successivamente verr\u00e0 rispedita al mittente. Eventuali costi di giacenza o di ritorno al mittente Vi saranno addebitati. In caso di ritorno al mittente, non vi \u00e8 previsto alcun rimborso e vi saranno ulteriormente addebitati i relativi costi.<\/p>\n<\/div>\n<div id=\"11\">\n<h5>11. GARANZIA DEI PRODOTTI<\/h5>\n<p>Tutti i prodotti venduti da EUREKASHOP s.r.l. sono coperti dalla garanzia convenzionale del produttore e dalla garanzia di 24 mesi per i difetti di conformit\u00e0, ai sensi del D.L. 24\/02, salvo diversamente indicato nella scheda del prodotto. EUREKASHOP s.r.l. \u00e8 responsabile quando il difetto di conformit\u00e0 si manifesta entro il termine di due anni dalla consegna del bene. I clienti non possono avvalersi della garanzia se non denunciano a EUREKASHOP s.r.l. i difetti di conformit\u00e0 entro due mesi dalla data in cui hanno scoperto il difetto. La garanzia si applica purch\u00e8 il prodotto sia utilizzato correttamente, nel rispetto della sua destinazione d&#8217;uso e di quanto previsto nella documentazione tecnica allegata. La garanzia convenzionale del produttore viene fornita secondo le modalit\u00e0 illustrate sul sito o nella documentazione presente all&#8217;interno della confezione del prodotto. EUREKASHOP s.r.l. garantisce tutti i prodotti ad eccezione dei materiali di consumo. In caso di difetto di conformit\u00e0, EUREKASHOP s.r.l. provvede, al ripristino della conformit\u00e0 del prodotto mediante riparazione\/sostituzione o alla riduzione del prezzo, fino alla risoluzione del contratto. Se, a seguito del controllo, non dovesse risultare un difetto di conformit\u00e0 ai sensi del D.L. 24\/02, al Cliente saranno addebitati gli eventuali costi di verifica e ripristino, nonch\u00e8 i costi di trasporto sostenuti da EUREKASHOP s.r.l.. Nel caso in cui, per qualsiasi ragione, non sia possibile rendere un prodotto in garanzia (ripristinato o sostituito), EUREKASHOP s.r.l. potr\u00e0 procedere a propria discrezione al rimborso al minor valore tra quello di mercato, al momento della richiesta, e quello fatturato; oppure alla sua sostituzione con un prodotto di caratteristiche pari o superiori, anche di diversa marca. Per poter esercitare la garanzia \u00e8 assolutamente necessario conservare le confezioni originali e\/o gli imballaggi completi degli articoli, i manuali ed eventuali accessori originali presenti all\u2019atto dell\u2019acquisto del prodotto. All\u2019atto della restituzione dell\u2019articolo in garanzia, al fine di limitare danneggiamenti alla confezione originale, raccomandiamo, quando possibile, di inserirla in una seconda scatola; va evitata in tutti i casi l&#8217;apposizione di etichette o nastri adesivi direttamente sulla confezione originale del prodotto.<br \/>\nNessun danno pu\u00f2 essere richiesto a EUREKASHOP s.r.l. per eventuali ritardi nell&#8217;effettuazione di riparazioni o sostituzioni. Per richiedere la sostituzione in garanzia di uno o pi\u00f9 prodotti non funzionanti il cliente deve mandare una e-mail all\u2019indirizzo info@eurekashop.it , spiegare il difetto riscontrato, citare il numero di fattura o di scontrino e la data di emissione. Una volta avuto il nostro consenso al rientro verr\u00e0 assegnato un numero di pratica RMA. Il Cliente a quel punto pu\u00f2 spedire il materiale alla nostra sede. La riconsegna del prodotto dovr\u00e0 essere effettuata a carico del cliente, fermi restando a suo carico eventuali danni occorsi alla stessa durante la riconsegna. Le spese di restituzione della merce, sono invece da intendersi a carico di EUREKASHOP s.r.l. per tutta la durata della garanzia. Nel caso di prodotti risultanti funzionanti, EUREKASHOP s.r.l. richieder\u00e0 il rimborso di \u20ac 20,00 (venti) per le spese sostenute per l\u2019accertamento del difetto, e rimborsabili secondo le modalit\u00e0 concordate con il cliente; successivamente sar\u00e0 effettuato l\u2019invio del prodotto presso il cliente a sue spese. L\u2019intervento in Garanzia lascia del tutto invariata la durata del periodo di garanzia stesso (24 mesi dalla data di acquisto).<br \/>\nI prodotti acquistati con fattura hanno una garanzia di 12 mesi.<\/p>\n<\/div>\n<div id=\"12\">\n<h5>12. ASSISTENZA TECNICA<\/h5>\n<p>Puoi richiedere informazioni tecniche o inoltrare reclami contattando il servizio clienti di EUREKASHOP s.r.l. con le seguenti modalit\u00e0:<\/p>\n<p>&#8211; per eMail all&#8217;indirizzo\u00a0<a href=\"mailto:ordini@tecno-eshop.it\">info@eurekashop.it<\/a><br \/>\n&#8211; per telefono al numero 011.5505290<br \/>\n&#8211; per posta scrivendo a EUREKASHOP, Via Ceretta Inf. 191 &#8211; 10077 San Maurizio C.se (TO)<\/p>\n<p>EUREKASHOP s.r.l. risponder\u00e0 ai reclami per eMail o posta nel termine massimo di quindici giorni lavorativi dal ricevimento degli stessi.<\/p>\n<\/div>\n<div id=\"13\">\n<h5>13. DIRITTO DI RECESSO<\/h5>\n<p>Gli acquisti effettuati sul nostro sito, poich\u00e8 avvengono al di fuori da locali commerciali, sono tutelati dalla direttiva 2011\/83\/UE decreto n. 21 del 21 Febbraio 2014 &#8211; Nuova Direttiva Consumatori, che prevede la possibilit\u00e0 da parte del consumatore di esercitare il diritto di recesso. Il consumatore pu\u00f2 esercitare il diritto di recesso\u00a0<b>entro 10 giorni a partire dal ricevimento della merce<\/b>.<br \/>\nTale diritto consiste nella facolt\u00e0 di restituzione del bene acquistato al fornitore senza alcuna penalit\u00e0 e senza specificarne il motivo, e nel conseguente rimborso del prezzo di acquisto. La restituzione del prodotto a seguito dell&#8217; esercizio del diritto di recesso dovr\u00e0 avvenire entro un termine non inferiore a 10 giorni a partire dal ricevimento della merce.<\/p>\n<p class=\"underline\">Esclusioni:<\/p>\n<p>Il diritto di recesso si applica alle persone fisiche che agiscono per scopi non riferibili alla propria attivit\u00e0 professionale. Sono perci\u00f2 esclusi dal diritto di recesso gli acquisti effettuati da rivenditori e da aziende.<\/p>\n<p>Il diritto di recesso \u00e8 sottoposto alle seguenti condizioni:<br \/>\n1) il diritto si applica al prodotto acquistato nella sua interezza; non \u00e8 possibile esercitare recesso solamente su parte del prodotto acquistato;<br \/>\n2) il diritto non si applica a prodotti sigillati (compresi quelli allegati a materiale hardware), una volta aperti;<br \/>\n3) il bene soggetto a esercizio del diritto di recesso deve riportare lo stesso numero di matricola presente sul documento di trasporto che ha accompagnato il bene; qualora il bene dovesse riportare un numero di matricola diverso da quanto segnalato sul documento di trasporto, il reso non verr\u00e0 accettato e il prodotto sar\u00e0 messo a disposizione del cliente per la sua restituzione, contemporaneamente annullando la richiesta di recesso;<br \/>\n4) la spedizione, fino all&#8217;attestato di avvenuto ricevimento nel nostro magazzino, \u00e8 sotto la completa responsabilit\u00e0 del cliente;<br \/>\n5) in caso di danneggiamento del bene durante il trasporto, comunicheremo al cliente quanto accaduto, per consentirgli di sporgere denuncia nei confronti del corriere da lui scelto e ottenere il rimborso del valore del bene (se assicurato) in questa eventualit\u00e0, il prodotto sar\u00e0 messo a disposizione del cliente per la sua restituzione, contemporaneamente annullando la richiesta di recesso ;<br \/>\n6) EUREKASHOP s.r.l. non risponde in nessun modo per danneggiamenti o furto\/smarrimento di beni restituiti con spedizioni non assicurate;<br \/>\n7) il bene soggetto a esercizio del diritto di recesso deve rientrare nei nostri magazzini entro 20gg lavorativi dalla data di ricevimento della comunicazione, dopo tale termine la spedizione sar\u00e0 respinta e contemporaneamente annullata la richiesta di recesso.<\/p>\n<p class=\"underline\">Modalit\u00e0 del diritto di recesso:<\/p>\n<p>L&#8217;acquirente pu\u00f2 avvalersi del diritto di recesso inviando una raccomandata con ricevuta di ritorno o una eMail all&#8217;indirizzo \u00a0<a href=\"mailto:ordini@tecno-eshop.it\">info@eurekashop.it<\/a>.<br \/>\nentro e non oltre 10 giorni dalla data di ricevimento della merce.<\/p>\n<p>L&#8217;indirizzo per inviare la comunicazione con raccomandata \u00e8 il seguente:<\/p>\n<p>EUREKASHOP s.r.l.<br \/>\nVia Ceretta Inf. 191<br \/>\n10077 San Maurizio C.se (TO)<\/p>\n<p>In caso di applicabilit\u00e0 del diritto di recesso l&#8217;acquirente \u00e8 tenuto a restituire a sue spese il bene acquistato. Esso dovr\u00e0 essere riconsegnato in perfette condizioni, integro, perfettamente funzionante, rivendibile, posto nella sua confezione originale compresi imballo ed eventuali manuali, cavi, ecc.) e con i sigilli integri. Invitiamo, quando possibile, a inserire il contenitore originale in una seconda scatola. Raccomandiamo di non apporre etichette, adesivi e simili direttamente sulla confezione originale del prodotto.\u00a0<b>La non osservanza di queste regole rende inapplicabile il diritto di recesso.<\/b><br \/>\nUna volta ricevuta la merce (se sar\u00e0 trovata integra e senza alcun danno), ci impegniamo a rimborsare l&#8217;importo versato dal cliente ad esclusione di servizi aggiuntivi quali spese di contrassegno o consegna su appuntamento, entro 30 gg.<\/p>\n<div id=\"14\">\n<h5>14. PRIVACY<\/h5>\n<p>Per sapere esattamente quali sono e come vengono trattati i tuoi dati ti preghiamo di leggere il nostro\u00a0<a href=\"#\">regolamento sulla privacy<\/a>.<\/p>\n<\/div>\n<div id=\"15\">\n<h5>15. COOKIES<\/h5>\n<p>Vi preghiamo di leggere attentamente la <a href=\"mailto:ordini@tecno-eshop.it\">sezione Cookies<\/a>\u00a0per conoscere cosa sono e a cosa servono.<\/p>\n<\/div>\n<div id=\"16\">\n<h5>16. CONTROVERSIE<\/h5>\n<p>Il contratto di vendita tra EUREKASHOP s.r.l. e il cliente s&#8217;intende concluso in Italia e quindi regolato dalla Legge Italiana.<br \/>\nPer la soluzione di controversie civili e penali derivanti dalla conclusione del presente contratto di vendita a distanza, la competenza territoriale \u00e8 esclusivamente quella del Foro di Torino.<\/p>\n<\/div>\n<\/div>\n<\/div>\n<\/div>\n","protected":false},"excerpt":{"rendered":"<p>Condizioni di vendita generali Ambito di applicazione Accettazione delle condizioni di vendita generali Prezzo dei prodotti Foto e schede dei prodotti Disponibilit\u00e0 dei prodotti Invio degli ordini Cancellazione di un ordine Modalit\u00e0 di pagamento Spese di spedizione Tempi di spedizione Garanzia dei prodotti Assistenza tecnica Diritto di recesso Privacy Cookies Controversie 1. AMBITO DI APPLICAZIONE [&hellip;]<\/p>\n","protected":false},"author":1,"featured_media":0,"parent":0,"menu_order":0,"comment_status":"closed","ping_status":"closed","template":"","meta":{"footnotes":""},"class_list":["post-4906","page","type-page","status-publish","hentry"],"_links":{"self":[{"href":"https:\/\/www.eurekashop.it\/shop\/wp-json\/wp\/v2\/pages\/4906","targetHints":{"allow":["GET"]}}],"collection":[{"href":"https:\/\/www.eurekashop.it\/shop\/wp-json\/wp\/v2\/pages"}],"about":[{"href":"https:\/\/www.eurekashop.it\/shop\/wp-json\/wp\/v2\/types\/page"}],"author":[{"embeddable":true,"href":"https:\/\/www.eurekashop.it\/shop\/wp-json\/wp\/v2\/users\/1"}],"replies":[{"embeddable":true,"href":"https:\/\/www.eurekashop.it\/shop\/wp-json\/wp\/v2\/comments?post=4906"}],"version-history":[{"count":0,"href":"https:\/\/www.eurekashop.it\/shop\/wp-json\/wp\/v2\/pages\/4906\/revisions"}],"wp:attachment":[{"href":"https:\/\/www.eurekashop.it\/shop\/wp-json\/wp\/v2\/media?parent=4906"}],"curies":[{"name":"wp","href":"https:\/\/api.w.org\/{rel}","templated":true}]}}