{"id":3600,"date":"2020-04-04T19:08:07","date_gmt":"2020-04-04T17:08:07","guid":{"rendered":"http:\/\/www.eurekashop.it\/shop\/prodotto\/centrale-via-filo-elite2-0\/"},"modified":"2025-03-04T23:43:20","modified_gmt":"2025-03-04T22:43:20","slug":"centrale-via-filo-elite2-0","status":"publish","type":"product","link":"https:\/\/www.eurekashop.it\/shop\/prodotto\/centrale-via-filo-elite2-0\/","title":{"rendered":"Centrale via filo ELITE2.0"},"content":{"rendered":"","protected":false},"excerpt":{"rendered":"<p>Il sistema ELITE8642.0 propone una nuova soluzione nella gestione integrata di applicazioni in ambito di sicurezza per il settore domestico, commerciale, industriale. ELITE8642.0 \u00e8 una centrale antintrusione che pu\u00f2 gestire fino a 64 ingressi (sia cablati, sia su bus seriale che wireless), con la possibilit\u00e0 di integrare molteplici funzioni di gestione di impianti tecnologici. Le soluzioni progettuali delle logiche programmabili permette di gestire con immediatezza applicazion<\/p>\n","protected":false},"featured_media":8709,"comment_status":"open","ping_status":"open","template":"","meta":[],"product_brand":[],"product_cat":[238,133],"product_tag":[],"class_list":{"0":"post-3600","1":"product","2":"type-product","3":"status-publish","4":"has-post-thumbnail","6":"product_cat-centrale-via-filo-elite","7":"product_cat-sistemi-antifurto","8":"pa_produttore-crow","10":"first","11":"onbackorder","12":"taxable","13":"shipping-taxable","14":"purchasable","15":"product-type-simple"},"_links":{"self":[{"href":"https:\/\/www.eurekashop.it\/shop\/wp-json\/wp\/v2\/product\/3600","targetHints":{"allow":["GET"]}}],"collection":[{"href":"https:\/\/www.eurekashop.it\/shop\/wp-json\/wp\/v2\/product"}],"about":[{"href":"https:\/\/www.eurekashop.it\/shop\/wp-json\/wp\/v2\/types\/product"}],"replies":[{"embeddable":true,"href":"https:\/\/www.eurekashop.it\/shop\/wp-json\/wp\/v2\/comments?post=3600"}],"wp:featuredmedia":[{"embeddable":true,"href":"https:\/\/www.eurekashop.it\/shop\/wp-json\/wp\/v2\/media\/8709"}],"wp:attachment":[{"href":"https:\/\/www.eurekashop.it\/shop\/wp-json\/wp\/v2\/media?parent=3600"}],"wp:term":[{"taxonomy":"product_brand","embeddable":true,"href":"https:\/\/www.eurekashop.it\/shop\/wp-json\/wp\/v2\/product_brand?post=3600"},{"taxonomy":"product_cat","embeddable":true,"href":"https:\/\/www.eurekashop.it\/shop\/wp-json\/wp\/v2\/product_cat?post=3600"},{"taxonomy":"product_tag","embeddable":true,"href":"https:\/\/www.eurekashop.it\/shop\/wp-json\/wp\/v2\/product_tag?post=3600"}],"curies":[{"name":"wp","href":"https:\/\/api.w.org\/{rel}","templated":true}]}}